{"id":38,"date":"2014-09-25T14:32:18","date_gmt":"2014-09-25T14:32:18","guid":{"rendered":"http:\/\/localhost\/wordpress\/?page_id=38"},"modified":"2017-02-09T07:48:16","modified_gmt":"2017-02-09T07:48:16","slug":"contacto","status":"publish","type":"page","link":"http:\/\/fjvillaescusa.com\/wordpress\/contacto\/","title":{"rendered":"Contacto\/Contact"},"content":{"rendered":"<p><strong>M\u00fasica para cine, tv, trailers, publicidad, p\u00e1ginas web &#8230; <\/strong><\/p>\n<p>Si necesita m\u00fasica para su proyecto art\u00edstico y\/o audiovisual, contacte conmigo a trav\u00e9s de <a href=\"mailto:franjvlo@gmail.com\">franjvlo@gmail.com<\/a>.<\/p>\n<p>Para la adquisici\u00f3n de licencias musicales que le permitan utilizar cualquiera de mis composiciones en su proyecto, contacte conmigo a trav\u00e9s de <a href=\"mailto:franjvlo@gmail.com\">franjvlo@gmail.com<\/a>.<\/p>\n<p>&#8212;&#8212;&#8212;&#8212;&#8212;&#8212;&#8212;&#8212;&#8212;&#8212;&#8212;&#8212;&#8212;&#8212;&#8212;&#8212;&#8212;&#8212;&#8212;&#8212;&#8212;&#8212;&#8212;&#8212;&#8212;&#8212;&#8212;&#8212;&#8212;&#8212;&#8212;&#8211;<\/p>\n<p><strong>Music for cinema, tv, trailers, advertising, web pages&#8230;<\/strong><\/p>\n<p>If you need music for your artistic and\/or audiovisual project, please contact me: <a href=\"mailto:franjvlo@gmail.com\">franjvlo@gmail.com<\/a>.<\/p>\n<p>To purchase music licenses that let you use any of my compositions in your project, please contact me: <a href=\"mailto:franjvlo@gmail.com\">franjvlo@gmail.com<\/a>.<\/p>\n","protected":false},"excerpt":{"rendered":"<p>M\u00fasica para cine, tv, trailers, publicidad, p\u00e1ginas web &#8230; Si necesita m\u00fasica para su proyecto art\u00edstico y\/o audiovisual, contacte conmigo a trav\u00e9s de franjvlo@gmail.com. Para la adquisici\u00f3n de licencias musicales que le permitan utilizar cualquiera de mis composiciones en su proyecto, contacte conmigo a trav\u00e9s de franjvlo@gmail.com. &#8212;&#8212;&#8212;&#8212;&#8212;&#8212;&#8212;&#8212;&#8212;&#8212;&#8212;&#8212;&#8212;&#8212;&#8212;&#8212;&#8212;&#8212;&#8212;&#8212;&#8212;&#8212;&#8212;&#8212;&#8212;&#8212;&#8212;&#8212;&#8212;&#8212;&#8212;&#8211; Music for cinema, tv, trailers, advertising, web [&hellip;]<\/p>\n","protected":false},"author":1,"featured_media":0,"parent":0,"menu_order":0,"comment_status":"closed","ping_status":"closed","template":"","meta":{"footnotes":""},"class_list":["post-38","page","type-page","status-publish","hentry"],"aioseo_notices":[],"_links":{"self":[{"href":"http:\/\/fjvillaescusa.com\/wordpress\/wp-json\/wp\/v2\/pages\/38","targetHints":{"allow":["GET"]}}],"collection":[{"href":"http:\/\/fjvillaescusa.com\/wordpress\/wp-json\/wp\/v2\/pages"}],"about":[{"href":"http:\/\/fjvillaescusa.com\/wordpress\/wp-json\/wp\/v2\/types\/page"}],"author":[{"embeddable":true,"href":"http:\/\/fjvillaescusa.com\/wordpress\/wp-json\/wp\/v2\/users\/1"}],"replies":[{"embeddable":true,"href":"http:\/\/fjvillaescusa.com\/wordpress\/wp-json\/wp\/v2\/comments?post=38"}],"version-history":[{"count":13,"href":"http:\/\/fjvillaescusa.com\/wordpress\/wp-json\/wp\/v2\/pages\/38\/revisions"}],"predecessor-version":[{"id":318,"href":"http:\/\/fjvillaescusa.com\/wordpress\/wp-json\/wp\/v2\/pages\/38\/revisions\/318"}],"wp:attachment":[{"href":"http:\/\/fjvillaescusa.com\/wordpress\/wp-json\/wp\/v2\/media?parent=38"}],"curies":[{"name":"wp","href":"https:\/\/api.w.org\/{rel}","templated":true}]}}