{"id":409,"date":"2018-07-03T07:55:17","date_gmt":"2018-07-03T07:55:17","guid":{"rendered":"http:\/\/mucuqate.dns-privadas.es\/wordpress\/?page_id=409"},"modified":"2025-12-04T13:00:54","modified_gmt":"2025-12-04T13:00:54","slug":"biografiabiography","status":"publish","type":"page","link":"http:\/\/fjvillaescusa.com\/wordpress\/biografiabiography\/","title":{"rendered":"Biograf\u00eda\/Biography"},"content":{"rendered":"<p>Francisco Jos\u00e9 Villaescusa L\u00f3pez (Caudete, Albacete) es compositor y m\u00fasico, especializado en m\u00fasica sinf\u00f3nica para banda, m\u00fasica de c\u00e1mara y composici\u00f3n para piano. Adem\u00e1s, ha desarrollado trabajos en el \u00e1mbito audiovisual, creando bandas sonoras y m\u00fasica original para distintos proyectos. Su cat\u00e1logo tambi\u00e9n incluye numerosas obras de m\u00fasica festera, por las que ha recibido diversos encargos y reconocimientos.<\/p>\n<p>Desde 2021 ampl\u00eda y perfecciona su formaci\u00f3n en composici\u00f3n con el maestro Ferrer Ferr\u00e1n, consolidando un estilo personal que combina sensibilidad mel\u00f3dica, fuerza narrativa y una escritura orquestal muy cuidada.<\/p>\n<p>Tres de sus partituras han sido seleccionadas como obra obligada en el Certame Galego de Bandas de M\u00fasica (2022, 2023 y 2025).<\/p>\n<p>A lo largo de su trayectoria ha obtenido m\u00e1s de una veintena de premios nacionales e internacionales, entre ellos galardones en concursos de composici\u00f3n de Y\u00e1tova, Cullera, Albolote, Mutxamel, Carcaixent, Albalat dels Sorells, Fundaci\u00f3n SGAE, as\u00ed como m\u00faltiples distinciones en el Concurso Galego de Composici\u00f3n.<\/p>\n<p><strong>PREMIOS<\/strong><\/p>\n<p>En Noviembre de 2025, obtiene Premio del Jurado y Premio de los M\u00fasicos en el II Concurs de Composici\u00f3 de Pasdobles Ciutat de Carcaixent \u2013 Lira i Casino Carcaixent\u00ed SMR, por su obra \u00abLa Troballa\u00bb.<\/p>\n<p>En Octubre de 2024, obtiene 2\u00ba Premio y Menci\u00f3n Especial de los M\u00fasicos en el 2\u00ba Concurso de Composici\u00f3n de Marchas Cristianas \u201cVila d\u2019Albalat dels Sorells\u201d, por su obra \u00abEspasa de Reis\u00bb.<\/p>\n<p>En Octubre de 2024, obtiene 1\u00ba Premio en el II Concurso de composici\u00f3n del Ateneu Musical de Cullera, en la categor\u00eda de Obra para Solista y Banda, por su obra \u00abEnkidu\u00bb.<\/p>\n<p>En Marzo de 2024, obtiene 1\u00aa Menci\u00f3n Especial en el VI Concurso de Composici\u00f3n de M\u00fasica Festera de Mutxamel.<\/p>\n<p>En Diciembre de 2023, es premiado en el I Programa de Reconocimiento de M\u00fasica Original para Banda organizado por la Fundaci\u00f3n SGAE.<\/p>\n<p>En Octubre de 2023, obtiene Menci\u00f3n en secci\u00f3n de dificulta media en el XVI Concurso Galego de Composici\u00f3n, por su obra \u00abLucus Augusti\u00bb.<\/p>\n<p>En Marzo de 2023, obtiene el 2\u00ba premio en el 2\u00ba Concurso Internacional de Composici\u00f3n \u00abFundaci\u00f3n Francisco Carvajal\u00bb para banda, por su obra \u00abLa \u00faltima invasi\u00f3n vikinga\u00bb.<\/p>\n<p>En Diciembre de 2022, obtiene el premio \u00abfinalista\u00bb en el XV Concurso Galego de Composici\u00f3n \u2013 Secci\u00f3n Tercera, por su obra \u00abSentimentos\u00bb.<\/p>\n<p>En Septiembre de 2022, obtiene el 3\u00ba premio en el I Concurso Nacional de composici\u00f3n de Sumac\u00e1rcer (Valencia), por su pasodoble \u00abAnhelo\u00bb.<\/p>\n<p>En Junio de 2022, obtiene el 2\u00ba premio en el I Concurso Internacional de Composici\u00f3n Musical de Y\u00e1tova \u00abVenancio Juan\u00bb, por su obra para banda \u00abOppidum \u00cdbero\u00bb.<\/p>\n<p>En Noviembre de 2021, gana el XIV Concurso Galego de Composici\u00f3n \u2013 Secci\u00f3n Juvenil, por su obra para banda \u00abA Festa dos Elfos\u00bb.<\/p>\n<p>En Julio de 2021, obtiene Medalla de Plata en los Global Music Awards a mejor compositor, \u00abComposition\/Composer\u00bb por el tema para piano \u00abClouds\u00bb.<\/p>\n<p>En Noviembre de 2020, gana el XIII Concurso Galego de Composici\u00f3n \u2013 Secci\u00f3n Juvenil, por su obra para banda \u00abO bosque dos dru\u00eddas\u00bb.<\/p>\n<p>En Octubre de 2019, queda finalista en el 19 Concurso de Composici\u00f3n de Pasodobles Falleros de Alzira con el pasodoble \u00abLa Recogida\u00bb.<\/p>\n<p>En Abril de 2019, consigue la Rosa d&#8217;Or en el \u00e1mbito musical de los Premis Castellitx 2019, por su obra para banda \u00abLa Muntanya M\u00e0gica\u00bb.<\/p>\n<p>En julio de 2018, obtiene el Premio Concurso Internacional \u00abDe la Creatividad al Piano\u00bb por el tema Rainy Days.<\/p>\n<p>En marzo de 2018, consigue el Segundo Premio en la Categor\u00eda C \u201cOrquesta Joven\u201d en el 5\u00ba Concurso Internacional de Composici\u00f3n \u201cM\u00fasica Jove\u201d, organizado por la Associaci\u00f3 M\u00fasica Jove.<\/p>\n<p>En febrero de 2018, obtiene Medalla de Plata en los Global Music Awards a mejor compositor, \u00abComposition\/Composer\u00bb por el tema para piano \u00abRainy Days\u00bb.<\/p>\n<p>En agosto de 2016 recibe el premio a la mejor pieza instrumental \u00abBest Song Instrumental\/Piano\u00bb en los Akademia Music Awards tambi\u00e9n por su composici\u00f3n \u00abEncaje de Recuerdos\u00bb.<\/p>\n<p>En junio de 2016, obtiene Medalla de Plata en los Global Music Awards a mejor compositor, \u00abComposition\/Composer\u00bb por el tema \u00abEncaje de Recuerdos\u00bb inclu\u00edda en la BSO de \u00abEl Barrio\u00bb.<\/p>\n","protected":false},"excerpt":{"rendered":"<p>Francisco Jos\u00e9 Villaescusa L\u00f3pez (Caudete, Albacete) es compositor y m\u00fasico, especializado en m\u00fasica sinf\u00f3nica para banda, m\u00fasica de c\u00e1mara y composici\u00f3n para piano. Adem\u00e1s, ha desarrollado trabajos en el \u00e1mbito audiovisual, creando bandas sonoras y m\u00fasica original para distintos proyectos. Su cat\u00e1logo tambi\u00e9n incluye numerosas obras de m\u00fasica festera, por las que ha recibido diversos [&hellip;]<\/p>\n","protected":false},"author":1,"featured_media":0,"parent":0,"menu_order":0,"comment_status":"closed","ping_status":"open","template":"","meta":{"footnotes":""},"class_list":["post-409","page","type-page","status-publish","hentry"],"aioseo_notices":[],"_links":{"self":[{"href":"http:\/\/fjvillaescusa.com\/wordpress\/wp-json\/wp\/v2\/pages\/409","targetHints":{"allow":["GET"]}}],"collection":[{"href":"http:\/\/fjvillaescusa.com\/wordpress\/wp-json\/wp\/v2\/pages"}],"about":[{"href":"http:\/\/fjvillaescusa.com\/wordpress\/wp-json\/wp\/v2\/types\/page"}],"author":[{"embeddable":true,"href":"http:\/\/fjvillaescusa.com\/wordpress\/wp-json\/wp\/v2\/users\/1"}],"replies":[{"embeddable":true,"href":"http:\/\/fjvillaescusa.com\/wordpress\/wp-json\/wp\/v2\/comments?post=409"}],"version-history":[{"count":16,"href":"http:\/\/fjvillaescusa.com\/wordpress\/wp-json\/wp\/v2\/pages\/409\/revisions"}],"predecessor-version":[{"id":1043,"href":"http:\/\/fjvillaescusa.com\/wordpress\/wp-json\/wp\/v2\/pages\/409\/revisions\/1043"}],"wp:attachment":[{"href":"http:\/\/fjvillaescusa.com\/wordpress\/wp-json\/wp\/v2\/media?parent=409"}],"curies":[{"name":"wp","href":"https:\/\/api.w.org\/{rel}","templated":true}]}}